{"id":3231,"date":"2025-04-22T11:13:33","date_gmt":"2025-04-22T09:13:33","guid":{"rendered":"https:\/\/www.chalet-mounier.com\/?page_id=3231"},"modified":"2025-06-19T23:21:49","modified_gmt":"2025-06-19T21:21:49","slug":"il-giardino-dello-chalet","status":"publish","type":"page","link":"https:\/\/www.chalet-mounier.com\/it\/ristorante-les-deux-alpes\/il-giardino-dello-chalet\/","title":{"rendered":"Il giardino dello Chalet"},"content":{"rendered":"<div data-elementor-type=\"wp-page\" data-elementor-id=\"3231\" class=\"elementor elementor-3231\" data-elementor-post-type=\"page\">\n\t\t\t\t<div class=\"elementor-element elementor-element-20ed8a8 e-con-full e-flex e-con e-child\" data-id=\"20ed8a8\" data-element_type=\"container\" data-settings=\"{&quot;background_background&quot;:&quot;classic&quot;}\">\n\t\t\t\t<div class=\"elementor-element elementor-element-41a7b8d elementor-widget__width-initial hero-title title elementor-widget elementor-widget-heading\" data-id=\"41a7b8d\" data-element_type=\"widget\" data-widget_type=\"heading.default\">\n\t\t\t\t<div class=\"elementor-widget-container\">\n\t\t\t\t\t<h1 class=\"elementor-heading-title elementor-size-default\">Il giardino <em>lo chalet<\/em><\/h1>\t\t\t\t<\/div>\n\t\t\t\t<\/div>\n\t\t<div class=\"elementor-element elementor-element-bfb91b2 e-con-full e-flex e-con e-child\" data-id=\"bfb91b2\" data-element_type=\"container\" data-settings=\"{&quot;background_background&quot;:&quot;gradient&quot;}\">\n\t\t<div class=\"elementor-element elementor-element-35498a6 e-con-full e-flex e-con e-child\" data-id=\"35498a6\" data-element_type=\"container\" data-settings=\"{&quot;background_background&quot;:&quot;classic&quot;}\">\n\t\t\t\t<div class=\"elementor-element elementor-element-b7acbe7 elementor-widget__width-inherit elementor-widget elementor-widget-image\" data-id=\"b7acbe7\" data-element_type=\"widget\" data-widget_type=\"image.default\">\n\t\t\t\t<div class=\"elementor-widget-container\">\n\t\t\t\t\t\t\t\t\t\t\t\t\t\t\t<img fetchpriority=\"high\" decoding=\"async\" width=\"1440\" height=\"200\" src=\"https:\/\/www.chalet-mounier.com\/wp-content\/uploads\/2025\/03\/cm-separateur-blanc.png\" class=\"attachment-full size-full wp-image-683\" alt=\"\" srcset=\"https:\/\/www.chalet-mounier.com\/wp-content\/uploads\/2025\/03\/cm-separateur-blanc.png 1440w, https:\/\/www.chalet-mounier.com\/wp-content\/uploads\/2025\/03\/cm-separateur-blanc-300x42.png 300w, https:\/\/www.chalet-mounier.com\/wp-content\/uploads\/2025\/03\/cm-separateur-blanc-1024x142.png 1024w, https:\/\/www.chalet-mounier.com\/wp-content\/uploads\/2025\/03\/cm-separateur-blanc-768x107.png 768w, https:\/\/www.chalet-mounier.com\/wp-content\/uploads\/2025\/03\/cm-separateur-blanc-18x3.png 18w\" sizes=\"(max-width: 1440px) 100vw, 1440px\" title=\"\">\t\t\t\t\t\t\t\t\t\t\t\t\t\t\t<\/div>\n\t\t\t\t<\/div>\n\t\t<div class=\"elementor-element elementor-element-a22dec4 e-con-full e-flex e-con e-child\" data-id=\"a22dec4\" data-element_type=\"container\" data-settings=\"{&quot;background_background&quot;:&quot;classic&quot;}\">\n\t\t<div class=\"elementor-element elementor-element-7b5122d e-con-full e-flex e-con e-child\" data-id=\"7b5122d\" data-element_type=\"container\">\n\t\t<div class=\"elementor-element elementor-element-fe5b2a4 e-con-full e-flex e-con e-child\" data-id=\"fe5b2a4\" data-element_type=\"container\">\n\t\t\t\t<div class=\"elementor-element elementor-element-20ed174 title elementor-widget elementor-widget-heading\" data-id=\"20ed174\" data-element_type=\"widget\" data-widget_type=\"heading.default\">\n\t\t\t\t<div class=\"elementor-widget-container\">\n\t\t\t\t\t<h2 class=\"elementor-heading-title elementor-size-default\">Sapori e<br><em>prelibatezze<\/em> in piscina<\/h2>\t\t\t\t<\/div>\n\t\t\t\t<\/div>\n\t\t\t\t<div class=\"elementor-element elementor-element-db0f700 elementor-hidden-tablet elementor-hidden-mobile elementor-widget elementor-widget-image\" data-id=\"db0f700\" data-element_type=\"widget\" data-widget_type=\"image.default\">\n\t\t\t\t<div class=\"elementor-widget-container\">\n\t\t\t\t\t\t\t\t\t\t\t\t\t\t\t<img decoding=\"async\" width=\"120\" height=\"119\" src=\"https:\/\/www.chalet-mounier.com\/wp-content\/uploads\/2025\/03\/logo-restaurant.svg\" class=\"attachment-full size-full wp-image-821\" alt=\"\" title=\"\">\t\t\t\t\t\t\t\t\t\t\t\t\t\t\t<\/div>\n\t\t\t\t<\/div>\n\t\t\t\t<\/div>\n\t\t\t\t<div class=\"elementor-element elementor-element-c919aa6 elementor-widget__width-initial elementor-widget elementor-widget-text-editor\" data-id=\"c919aa6\" data-element_type=\"widget\" data-widget_type=\"text-editor.default\">\n\t\t\t\t<div class=\"elementor-widget-container\">\n\t\t\t\t\t\t\t\t\t<p>Aperto solo in estate, il ristorante in giardino invita a pranzare in un ambiente eccezionale. I tavoli sono disposti sulla terrazza accanto alla piscina riscaldata, con una vista meravigliosa sui pascoli e sulle cime della localit\u00e0 2 Alpes, nel cuore del Parco Nazionale degli \u00c9crins. Ma il piacere dei sensi non si ferma qui, perch\u00e9 il ristorante offre una colorata cucina estiva per deliziare il vostro palato.<\/p><p>\u00a0<\/p><div class=\"textesDeroule\"><div class=\"texteType1 ouvert\"><p><strong>Aperto solo in estate, tutti i giorni, a pranzo, dalle 12.00 alle 13.45 - Si consiglia la prenotazione.<\/strong><\/p><\/div><\/div>\t\t\t\t\t\t\t\t<\/div>\n\t\t\t\t<\/div>\n\t\t\t\t<div class=\"elementor-element elementor-element-b572214 elementor-hidden-desktop elementor-hidden-tablet_extra elementor-widget elementor-widget-image\" data-id=\"b572214\" data-element_type=\"widget\" data-widget_type=\"image.default\">\n\t\t\t\t<div class=\"elementor-widget-container\">\n\t\t\t\t\t\t\t\t\t\t\t\t\t\t\t<img decoding=\"async\" width=\"120\" height=\"119\" src=\"https:\/\/www.chalet-mounier.com\/wp-content\/uploads\/2025\/03\/logo-restaurant.svg\" class=\"attachment-full size-full wp-image-821\" alt=\"\" title=\"\">\t\t\t\t\t\t\t\t\t\t\t\t\t\t\t<\/div>\n\t\t\t\t<\/div>\n\t\t\t\t<\/div>\n\t\t\t\t<div class=\"elementor-element elementor-element-a8c7b80 elementor-widget elementor-widget-button\" data-id=\"a8c7b80\" data-element_type=\"widget\" data-widget_type=\"button.default\">\n\t\t\t\t<div class=\"elementor-widget-container\">\n\t\t\t\t\t\t\t\t\t<div class=\"elementor-button-wrapper\">\n\t\t\t\t\t<a class=\"elementor-button elementor-button-link elementor-size-sm\" href=\"https:\/\/www.chalet-mounier.com\/wp-content\/uploads\/2025\/06\/Supports-clients-A4-1.pdf\" target=\"_blank\">\n\t\t\t\t\t\t<span class=\"elementor-button-content-wrapper\">\n\t\t\t\t\t\t\t\t\t<span class=\"elementor-button-text\">La Carte du Jardin<\/span>\n\t\t\t\t\t<\/span>\n\t\t\t\t\t<\/a>\n\t\t\t\t<\/div>\n\t\t\t\t\t\t\t\t<\/div>\n\t\t\t\t<\/div>\n\t\t\t\t<div class=\"elementor-element elementor-element-e6334d2 elementor-widget__width-inherit elementor-widget elementor-widget-image\" data-id=\"e6334d2\" data-element_type=\"widget\" data-widget_type=\"image.default\">\n\t\t\t\t<div class=\"elementor-widget-container\">\n\t\t\t\t\t\t\t\t\t\t\t\t\t\t\t<img decoding=\"async\" width=\"1440\" height=\"99\" src=\"https:\/\/www.chalet-mounier.com\/wp-content\/uploads\/2025\/03\/cm-separateur-beige.svg\" class=\"attachment-full size-full wp-image-175\" alt=\"\" title=\"\">\t\t\t\t\t\t\t\t\t\t\t\t\t\t\t<\/div>\n\t\t\t\t<\/div>\n\t\t\t\t<\/div>\n\t\t\t\t<\/div>\n\t\t\t\t<\/div>\n\t\t\t\t<\/div>\n\t\t\t\t<\/div>","protected":false},"excerpt":{"rendered":"<p>Le Jardin du chalet Sapori e prelibatezze a bordo piscina Aperto solo in estate, il ristorante in giardino vi invita a pranzare in un ambiente eccezionale. I tavoli sono disposti sulla terrazza accanto alla piscina riscaldata, con una vista meravigliosa sui pascoli di montagna e sulle cime [...].<\/p>","protected":false},"author":13,"featured_media":0,"parent":593,"menu_order":0,"comment_status":"closed","ping_status":"closed","template":"","meta":{"_acf_changed":false,"inline_featured_image":false,"footnotes":""},"class_list":["post-3231","page","type-page","status-publish","hentry"],"acf":[],"_links":{"self":[{"href":"https:\/\/www.chalet-mounier.com\/it\/wp-json\/wp\/v2\/pages\/3231","targetHints":{"allow":["GET"]}}],"collection":[{"href":"https:\/\/www.chalet-mounier.com\/it\/wp-json\/wp\/v2\/pages"}],"about":[{"href":"https:\/\/www.chalet-mounier.com\/it\/wp-json\/wp\/v2\/types\/page"}],"author":[{"embeddable":true,"href":"https:\/\/www.chalet-mounier.com\/it\/wp-json\/wp\/v2\/users\/13"}],"replies":[{"embeddable":true,"href":"https:\/\/www.chalet-mounier.com\/it\/wp-json\/wp\/v2\/comments?post=3231"}],"version-history":[{"count":40,"href":"https:\/\/www.chalet-mounier.com\/it\/wp-json\/wp\/v2\/pages\/3231\/revisions"}],"predecessor-version":[{"id":4137,"href":"https:\/\/www.chalet-mounier.com\/it\/wp-json\/wp\/v2\/pages\/3231\/revisions\/4137"}],"up":[{"embeddable":true,"href":"https:\/\/www.chalet-mounier.com\/it\/wp-json\/wp\/v2\/pages\/593"}],"wp:attachment":[{"href":"https:\/\/www.chalet-mounier.com\/it\/wp-json\/wp\/v2\/media?parent=3231"}],"curies":[{"name":"wp","href":"https:\/\/api.w.org\/{rel}","templated":true}]}}